{"id":144,"date":"2014-07-21T10:58:05","date_gmt":"2014-07-21T10:58:05","guid":{"rendered":"http:\/\/apicona-data.thememount.com\/?page_id=144"},"modified":"2025-01-23T02:16:19","modified_gmt":"2025-01-23T02:16:19","slug":"contact","status":"publish","type":"page","link":"https:\/\/lozanorojasabogados.com\/index.php\/contact\/","title":{"rendered":"Contacto"},"content":{"rendered":"<p>[vc_row css=&#8221;.vc_custom_1458134705800{padding-bottom: 40px !important;}&#8221;][vc_column width=&#8221;2\/3&#8243;][vc_custom_heading text=&#8221;LOZANO ROJAS ABOGADOS&#8221; use_theme_fonts=&#8221;yes&#8221;][vc_column_text]La compa\u00f1\u00eda de responsabilidad de limitada \u201cLozano Rojas Abogados\u201d, es una sociedad de abogados especialistas en Derecho Constitucional, conformada por los abogados y socios fundadores H\u00e9ctor Lozano Rojas, Mgs.<strong>, <\/strong>Abg. Glenda Rojas V\u00e9lez, Mgs.<strong>, <\/strong>Abg. Mariela Lozano Rojas, Mgs.<strong>, <\/strong>Abg. H\u00e9ctor Lozano Segura<strong>, <\/strong>Econ. Helen Lozano Rojas<strong>, <\/strong>Abg. Nicole Ubilla Espinoza y la Ing. Xiomy Lozano Rojas; quienes posee una amplia experiencia en el estudio del Derecho P\u00fablico. Firma jur\u00eddica que desempe\u00f1a sus servicios desde el a\u00f1o 2012.<\/p>\n<p>Los abogados que forman parte de la firma, son graduados con excelencia acad\u00e9mica en universidades como la prestigiosa Universidad Cat\u00f3lica de Santiago de Guayaquil, Universidad Internacional de Valencia \u2013 Espa\u00f1a y la Universidad Estatal de Guayaquil, con maestr\u00edas especializadas en Derecho P\u00fablico, realizando aportes con sus estudios y opiniones al constitucionalismo ecuatoriano. Adem\u00e1s, han desempe\u00f1ado a lo largo de su trayectoria profesional importantes cargos p\u00fablicos y privados. Lo que avala nuestra experiencia para la soluci\u00f3n de tus problemas.<\/p>\n<p>La C\u00eda. Lozano Rojas Abogados, ofrece servicios de asesor\u00eda y patrocinio legal en diversas \u00e1reas del Derecho P\u00fablico, en especial; en el \u00e1mbito del Derecho Constitucional.<\/p>\n<p>La diferencia de nuestra firma jur\u00eddica con el resto, es la organizaci\u00f3n y celeridad en el manejo de las causas de nuestros clientes. El dise\u00f1o y organizaci\u00f3n de nuestro estudio jur\u00eddico, es similar a una empresa de servicios, siendo la primera C\u00eda., especialista en Derecho Constitucional de la Provincia de Los R\u00edos y del Ecuador.<\/p>\n<p>La excelencia en la investigaci\u00f3n y patrocinio jur\u00eddico, con un seguimiento anal\u00edtico a los procesos de cada uno de nuestro clientes nacionales y extranjeros, es lo que nos hace diferentes.[\/vc_column_text][\/vc_column][vc_column width=&#8221;1\/3&#8243;][vc_tta_tabs spacing=&#8221;2&#8243; active_section=&#8221;1&#8243;][vc_tta_section title=&#8221;QUEVEDO&#8221; tab_id=&#8221;1456563326207-129a5d54-c003&#8243;]<div class=\"tm-sbox tm-sbox-iconalign-left none     \">[vc_cta h2=\"TELEFONO\"  h2_google_fonts=\"font_family:Arimo%3Aregular%2Citalic%2C700%2C700italic|font_style:700%20bold%20regular%3A700%3Anormal\"  h4=\"0992512540 - 0989098690\"  h4_google_fonts=\"font_family:Lato%3A100%2C100italic%2C300%2C300italic%2Cregular%2Citalic%2C700%2C700italic%2C900%2C900italic|font_style:300%20light%20regular%3A300%3Anormal\"  txt_align=\"left\"  heading_sep=\"no\"  shape=\"none\"  style=\"transparent\"  color=\"grey\"  btn_title=\"Read More\"  btn_style=\"text\"  btn_gradient_color_1=\"turquoise\"  btn_gradient_color_2=\"blue\"  btn_custom_background=\"#ededed\"  btn_custom_text=\"#666\"  btn_outline_custom_color=\"#666\"  btn_outline_custom_hover_background=\"#666\"  btn_outline_custom_hover_text=\"#fff\"  btn_color=\"skincolor\"  btn_size=\"md\"  add_icon=\"left\"  hover=\"none\"  main_icon_type=\"icon\"  i_type=\"linecons\"  i_icon_fontawesome=\"fa fa-thumbs-o-up\"  i_icon_openiconic=\"vc-oi vc-oi-dial\"  i_icon_typicons=\"typcn typcn-adjust-brightness\"  i_icon_entypo=\"entypo-icon entypo-icon-note\"  i_icon_linecons=\"vc_li vc_li-phone\"  i_color=\"white\"  i_background_style=\"rounded-less\"  i_background_color=\"skincolor\"  i_size=\"md\"  icon_type=\"icon\"  btn_align=\"left\"  i_css_animation=\"\" css_animation=\"\"][\/vc_cta]<\/div><div class=\"tm-sbox tm-sbox-iconalign-left none     \">[vc_cta h2=\"DIRECCI\u00d3N:\"  h2_google_fonts=\"font_family:Arimo%3Aregular%2Citalic%2C700%2C700italic|font_style:700%20bold%20regular%3A700%3Anormal\"  h4=\"Provincia de Los R\u00edos, Cant\u00f3n Quevedo, Km. 1.5 V\u00eda a Sto. Domingo, Av. Walter Andrade, Cdla. Uni\u00f3n Progreso, MZ-2, SL-J. Tinoco E. Espejo, Edf. Inmobiliaria Lozano Rojas, PL. 2, OF. 1. atr\u00e1s del Colegio Quevedo- diagonal al Paseo Shopping.\"  h4_google_fonts=\"font_family:Lato%3A100%2C100italic%2C300%2C300italic%2Cregular%2Citalic%2C700%2C700italic%2C900%2C900italic|font_style:300%20light%20regular%3A300%3Anormal\"  txt_align=\"left\"  heading_sep=\"no\"  shape=\"none\"  style=\"transparent\"  color=\"grey\"  btn_title=\"Read More\"  btn_style=\"text\"  btn_gradient_color_1=\"turquoise\"  btn_gradient_color_2=\"blue\"  btn_custom_background=\"#ededed\"  btn_custom_text=\"#666\"  btn_outline_custom_color=\"#666\"  btn_outline_custom_hover_background=\"#666\"  btn_outline_custom_hover_text=\"#fff\"  btn_color=\"skincolor\"  btn_size=\"md\"  add_icon=\"left\"  hover=\"none\"  main_icon_type=\"icon\"  i_type=\"linecons\"  i_icon_fontawesome=\"fa fa-thumbs-o-up\"  i_icon_openiconic=\"vc-oi vc-oi-dial\"  i_icon_typicons=\"typcn typcn-adjust-brightness\"  i_icon_entypo=\"entypo-icon entypo-icon-note\"  i_icon_linecons=\"vc_li vc_li-location\"  i_color=\"white\"  i_background_style=\"rounded-less\"  i_background_color=\"skincolor\"  i_size=\"md\"  icon_type=\"icon\"  btn_align=\"left\"  i_css_animation=\"\" css_animation=\"\"][\/vc_cta]<\/div><div class=\"tm-sbox tm-sbox-iconalign-left none     \">[vc_cta h2=\"HORARIO:\"  h2_google_fonts=\"font_family:Arimo%3Aregular%2Citalic%2C700%2C700italic|font_style:700%20bold%20regular%3A700%3Anormal\"  h4=\"Lunes a domingo de 8H00 a 18H00\"  h4_google_fonts=\"font_family:Lato%3A100%2C100italic%2C300%2C300italic%2Cregular%2Citalic%2C700%2C700italic%2C900%2C900italic|font_style:300%20light%20regular%3A300%3Anormal\"  txt_align=\"left\"  heading_sep=\"no\"  shape=\"none\"  style=\"transparent\"  color=\"grey\"  btn_title=\"Read More\"  btn_style=\"text\"  btn_gradient_color_1=\"turquoise\"  btn_gradient_color_2=\"blue\"  btn_custom_background=\"#ededed\"  btn_custom_text=\"#666\"  btn_outline_custom_color=\"#666\"  btn_outline_custom_hover_background=\"#666\"  btn_outline_custom_hover_text=\"#fff\"  btn_color=\"skincolor\"  btn_size=\"md\"  add_icon=\"left\"  hover=\"none\"  main_icon_type=\"icon\"  i_type=\"linecons\"  i_icon_fontawesome=\"fa fa-thumbs-o-up\"  i_icon_openiconic=\"vc-oi vc-oi-dial\"  i_icon_typicons=\"typcn typcn-adjust-brightness\"  i_icon_entypo=\"entypo-icon entypo-icon-note\"  i_icon_linecons=\"vc_li vc_li-clock\"  i_color=\"white\"  i_background_style=\"rounded-less\"  i_background_color=\"skincolor\"  i_size=\"md\"  icon_type=\"icon\"  btn_align=\"left\"  i_css_animation=\"\" css_animation=\"\"][\/vc_cta]<\/div><div class=\"tm-sbox tm-sbox-iconalign-left none     \">[vc_cta h2=\"CORREO:\"  h2_google_fonts=\"font_family:Arimo%3Aregular%2Citalic%2C700%2C700italic|font_style:700%20bold%20regular%3A700%3Anormal\"  h4=\"iurishl@outlook.com\"  h4_google_fonts=\"font_family:Lato%3A100%2C100italic%2C300%2C300italic%2Cregular%2Citalic%2C700%2C700italic%2C900%2C900italic|font_style:300%20light%20regular%3A300%3Anormal\"  txt_align=\"left\"  heading_sep=\"no\"  shape=\"none\"  style=\"transparent\"  color=\"grey\"  btn_title=\"Read More\"  btn_style=\"text\"  btn_gradient_color_1=\"turquoise\"  btn_gradient_color_2=\"blue\"  btn_custom_background=\"#ededed\"  btn_custom_text=\"#666\"  btn_outline_custom_color=\"#666\"  btn_outline_custom_hover_background=\"#666\"  btn_outline_custom_hover_text=\"#fff\"  btn_color=\"skincolor\"  btn_size=\"md\"  add_icon=\"left\"  hover=\"none\"  main_icon_type=\"icon\"  i_type=\"linecons\"  i_icon_fontawesome=\"fa fa-thumbs-o-up\"  i_icon_openiconic=\"vc-oi vc-oi-dial\"  i_icon_typicons=\"typcn typcn-adjust-brightness\"  i_icon_entypo=\"entypo-icon entypo-icon-note\"  i_icon_linecons=\"vc_li vc_li-mail\"  i_color=\"white\"  i_background_style=\"rounded-less\"  i_background_color=\"skincolor\"  i_size=\"md\"  icon_type=\"icon\"  btn_align=\"left\"  i_css_animation=\"\" css_animation=\"\"][\/vc_cta]<\/div>[\/vc_tta_section][\/vc_tta_tabs][\/vc_column][\/vc_row][vc_row css=&#8221;.vc_custom_1458134777218{padding-top: 0px !important;padding-bottom: 40px !important;}&#8221;][vc_column][vc_gmaps link=&#8221;#E-8_JTNDaWZyYW1lJTIwc3JjJTNEJTIyaHR0cHMlM0ElMkYlMkZ3d3cuZ29vZ2xlLmNvbSUyRm1hcHMlMkZlbWJlZCUzRnBiJTNEJTIxMW0xOCUyMTFtMTIlMjExbTMlMjExZDE1MjMuMzEwNDM1NzU3NDE0JTIxMmQtNzkuNDY5ODQ5OTU1MDEwNzclMjEzZC0xLjAxMDIzNzIxMzA0NDc0NDYlMjEybTMlMjExZjAlMjEyZjAlMjEzZjAlMjEzbTIlMjExaTEwMjQlMjEyaTc2OCUyMTRmMTMuMSUyMTNtMyUyMTFtMiUyMTFzMHg5MDJiNGQxZDBhMmU5NDMzJTI1M0EweGNhN2IxMTA3YzBlODRmMzElMjEyc0xvemFubyUyNTIwUm9qYXMlMjUyMEFib2dhZG9zJTIxNWUwJTIxM20yJTIxMXNlcyUyMTJzZWMlMjE0djE3Mzc1OTY5NDUzNDIlMjE1bTIlMjExc2VzJTIxMnNlYyUyMiUyMHdpZHRoJTNEJTIyNjAwJTIyJTIwaGVpZ2h0JTNEJTIyNDUwJTIyJTIwc3R5bGUlM0QlMjJib3JkZXIlM0EwJTNCJTIyJTIwYWxsb3dmdWxsc2NyZWVuJTNEJTIyJTIyJTIwbG9hZGluZyUzRCUyMmxhenklMjIlMjByZWZlcnJlcnBvbGljeSUzRCUyMm5vLXJlZmVycmVyLXdoZW4tZG93bmdyYWRlJTIyJTNFJTNDJTJGaWZyYW1lJTNF&#8221;][\/vc_column][\/vc_row]<\/p>\n","protected":false},"excerpt":{"rendered":"<p>[vc_row css=&#8221;.vc_custom_1458134705800{padding-bottom: 40px !important;}&#8221;][vc_column width=&#8221;2\/3&#8243;][vc_custom_heading text=&#8221;LOZANO ROJAS ABOGADOS&#8221; use_theme_fonts=&#8221;yes&#8221;][vc_column_text]La compa\u00f1\u00eda de responsabilidad de limitada \u201cLozano Rojas Abogados\u201d, es una sociedad de abogados especialistas en Derecho Constitucional, conformada por los abogados y socios fundadores H\u00e9ctor Lozano Rojas, Mgs., Abg. Glenda Rojas V\u00e9lez, Mgs., Abg. Mariela Lozano Rojas, Mgs., Abg. H\u00e9ctor Lozano Segura, Econ. Helen Lozano Rojas, [&hellip;]<\/p>\n","protected":false},"author":1,"featured_media":0,"parent":0,"menu_order":7,"comment_status":"closed","ping_status":"open","template":"","meta":[],"_links":{"self":[{"href":"https:\/\/lozanorojasabogados.com\/index.php\/wp-json\/wp\/v2\/pages\/144"}],"collection":[{"href":"https:\/\/lozanorojasabogados.com\/index.php\/wp-json\/wp\/v2\/pages"}],"about":[{"href":"https:\/\/lozanorojasabogados.com\/index.php\/wp-json\/wp\/v2\/types\/page"}],"author":[{"embeddable":true,"href":"https:\/\/lozanorojasabogados.com\/index.php\/wp-json\/wp\/v2\/users\/1"}],"replies":[{"embeddable":true,"href":"https:\/\/lozanorojasabogados.com\/index.php\/wp-json\/wp\/v2\/comments?post=144"}],"version-history":[{"count":17,"href":"https:\/\/lozanorojasabogados.com\/index.php\/wp-json\/wp\/v2\/pages\/144\/revisions"}],"predecessor-version":[{"id":11233,"href":"https:\/\/lozanorojasabogados.com\/index.php\/wp-json\/wp\/v2\/pages\/144\/revisions\/11233"}],"wp:attachment":[{"href":"https:\/\/lozanorojasabogados.com\/index.php\/wp-json\/wp\/v2\/media?parent=144"}],"curies":[{"name":"wp","href":"https:\/\/api.w.org\/{rel}","templated":true}]}}